{"id":2342,"date":"2023-08-09T21:15:05","date_gmt":"2023-08-09T21:15:05","guid":{"rendered":"https:\/\/santco.gestionlab.net\/projects\/"},"modified":"2024-10-01T12:10:12","modified_gmt":"2024-10-01T12:10:12","slug":"projects","status":"publish","type":"page","link":"https:\/\/santco-org.com\/en\/projects\/","title":{"rendered":"Projects"},"content":{"rendered":"\n\n\t<h1>  Projects  <\/h1>\n\t\t\t\t<img decoding=\"async\" src=\"https:\/\/santco-org.com\/wp-content\/uploads\/2023\/08\/nouvelle-construction.png\" alt=\"new construction\" title=\"new construction\" itemprop=\"image\">\n\t<h5>  Commercial  <\/h5>\n\t\t\t\t<img decoding=\"async\" src=\"https:\/\/santco-org.com\/wp-content\/uploads\/2023\/08\/gestion-de-projets.png\" alt=\"project management\" title=\"project management\" itemprop=\"image\">\n\t<h5>  Industrial and Institutional  <\/h5>\n\t\t\t\t<img decoding=\"async\" src=\"https:\/\/santco-org.com\/wp-content\/uploads\/2023\/08\/entrepreneur-general-2.png\" alt=\"general contractor (2)\" title=\"general contractor (2)\" itemprop=\"image\">\n\t<h5>  Civil engineering  <\/h5>\n\t\t\t\t\t\t\t\t\t\t\t\t\t\t<a href=\"https:\/\/santco-org.com\/projet\/hopital-vaudreuil-soulanges\/\" target=\"_self\" title=\"Vaudreuil-Soulanges Hospital\" rel=\"noopener\">\n\t\t\t\t<img decoding=\"async\" src=\"https:\/\/santco-org.com\/wp-content\/uploads\/2024\/06\/Picture21.webp\" alt=\"\">\n\t\t\t\t<\/a>\n\t\t\t\t\t\t<h3>\n\t\t\t\t<a href=\"https:\/\/santco-org.com\/projet\/hopital-vaudreuil-soulanges\/\" title=\"Vaudreuil-Soulanges Hospital\" tabindex=\"0\">Vaudreuil-Soulanges Hospital<\/a>\t\t\t<\/h3>\n\t\t\t<a href=\"https:\/\/santco-org.com\/projet\/hopital-vaudreuil-soulanges\/\" target=\"_self\" rel=\"noopener\">En savoir plus \/ Read more \u2192<\/a>\t\t\n\t\t\t\t\t\t\t\t\t\t\t\t\t\t<a href=\"https:\/\/santco-org.com\/projet\/condos-vertica-assomption\/\" target=\"_self\" title=\"Condos Vertica (Assomption)\" rel=\"noopener\">\n\t\t\t\t<img decoding=\"async\" src=\"https:\/\/santco-org.com\/wp-content\/uploads\/2024\/06\/vertica.jpeg\" alt=\"\">\n\t\t\t\t<\/a>\n\t\t\t\t\t\t<h3>\n\t\t\t\t<a href=\"https:\/\/santco-org.com\/projet\/condos-vertica-assomption\/\" title=\"Condos Vertica (Assomption)\" tabindex=\"0\">Condos Vertica (Assomption)<\/a>\t\t\t<\/h3>\n\t\t\t<a href=\"https:\/\/santco-org.com\/projet\/condos-vertica-assomption\/\" target=\"_self\" rel=\"noopener\">En savoir plus \/ Read more \u2192<\/a>\t\t\n\t\t\t\t\t\t\t\t\t\t\t\t\t\t<a href=\"https:\/\/santco-org.com\/projet\/equinoxe-3-saint-elzear\/\" target=\"_self\" title=\"\u00c9quinoxe 3 Saint-\u00c9lz\u00e9ar\" rel=\"noopener\">\n\t\t\t\t<img decoding=\"async\" src=\"https:\/\/santco-org.com\/wp-content\/uploads\/2024\/06\/Picture19.webp\" alt=\"\">\n\t\t\t\t<\/a>\n\t\t\t\t\t\t<h3>\n\t\t\t\t<a href=\"https:\/\/santco-org.com\/projet\/equinoxe-3-saint-elzear\/\" title=\"\u00c9quinoxe 3 Saint-\u00c9lz\u00e9ar\" tabindex=\"0\">\u00c9quinoxe 3 Saint-\u00c9lz\u00e9ar<\/a>\t\t\t<\/h3>\n\t\t\t<a href=\"https:\/\/santco-org.com\/projet\/equinoxe-3-saint-elzear\/\" target=\"_self\" rel=\"noopener\">En savoir plus \/ Read more \u2192<\/a>\t\t\n\t\t\t\t\t\t\t\t\t\t\t\t\t\t<a href=\"https:\/\/santco-org.com\/projet\/victor-hugo\/\" target=\"_self\" title=\"Victor Hugo\" rel=\"noopener\">\n\t\t\t\t<img decoding=\"async\" src=\"https:\/\/santco-org.com\/wp-content\/uploads\/2024\/06\/Picture18.webp\" alt=\"\">\n\t\t\t\t<\/a>\n\t\t\t\t\t\t<h3>\n\t\t\t\t<a href=\"https:\/\/santco-org.com\/projet\/victor-hugo\/\" title=\"Victor Hugo\" tabindex=\"0\">Victor Hugo<\/a>\t\t\t<\/h3>\n\t\t\t<a href=\"https:\/\/santco-org.com\/projet\/victor-hugo\/\" target=\"_self\" rel=\"noopener\">En savoir plus \/ Read more \u2192<\/a>\t\t\n\t\t\t\t\t\t\t\t\t\t\t\t\t\t<a href=\"https:\/\/santco-org.com\/projet\/daniel-johnson-2\/\" target=\"_self\" title=\"Daniel Johnson 2\" rel=\"noopener\">\n\t\t\t\t<img decoding=\"async\" src=\"https:\/\/santco-org.com\/wp-content\/uploads\/2024\/06\/daniel-johnson.jpeg\" alt=\"\">\n\t\t\t\t<\/a>\n\t\t\t\t\t\t<h3>\n\t\t\t\t<a href=\"https:\/\/santco-org.com\/projet\/daniel-johnson-2\/\" title=\"Daniel Johnson 2\" tabindex=\"0\">Daniel Johnson 2<\/a>\t\t\t<\/h3>\n\t\t\t<a href=\"https:\/\/santco-org.com\/projet\/daniel-johnson-2\/\" target=\"_self\" rel=\"noopener\">En savoir plus \/ Read more \u2192<\/a>\t\t\n\t\t\t\t\t\t\t\t\t\t\t\t\t\t<a href=\"https:\/\/santco-org.com\/projet\/hydro-quebec-bsm\/\" target=\"_self\" title=\"Hydro-Qu\u00e9bec BSM\" rel=\"noopener\">\n\t\t\t\t<img decoding=\"async\" src=\"https:\/\/santco-org.com\/wp-content\/uploads\/2024\/06\/Picture16.webp\" alt=\"\">\n\t\t\t\t<\/a>\n\t\t\t\t\t\t<h3>\n\t\t\t\t<a href=\"https:\/\/santco-org.com\/projet\/hydro-quebec-bsm\/\" title=\"Hydro-Qu\u00e9bec BSM\" tabindex=\"0\">Hydro-Qu\u00e9bec BSM<\/a>\t\t\t<\/h3>\n\t\t\t<a href=\"https:\/\/santco-org.com\/projet\/hydro-quebec-bsm\/\" target=\"_self\" rel=\"noopener\">En savoir plus \/ Read more \u2192<\/a>\t\t\n\t\t\t\t\t\t\t\t\t\t\t\t\t\t<a href=\"https:\/\/santco-org.com\/projet\/mascouche-batiment-4\/\" target=\"_self\" title=\"Mascouche building 4\" rel=\"noopener\">\n\t\t\t\t<img decoding=\"async\" src=\"https:\/\/santco-org.com\/wp-content\/uploads\/2024\/06\/Picture15.webp\" alt=\"\">\n\t\t\t\t<\/a>\n\t\t\t\t\t\t<h3>\n\t\t\t\t<a href=\"https:\/\/santco-org.com\/projet\/mascouche-batiment-4\/\" title=\"Mascouche building 4\" tabindex=\"0\">Mascouche building 4<\/a>\t\t\t<\/h3>\n\t\t\t<a href=\"https:\/\/santco-org.com\/projet\/mascouche-batiment-4\/\" target=\"_self\" rel=\"noopener\">En savoir plus \/ Read more \u2192<\/a>\t\t\n\t\t\t\t\t\t\t\t\t\t\t\t\t\t<a href=\"https:\/\/santco-org.com\/projet\/royan\/\" target=\"_self\" title=\"Royan\" rel=\"noopener\">\n\t\t\t\t<img decoding=\"async\" src=\"https:\/\/santco-org.com\/wp-content\/uploads\/2024\/06\/Picture14.webp\" alt=\"\">\n\t\t\t\t<\/a>\n\t\t\t\t\t\t<h3>\n\t\t\t\t<a href=\"https:\/\/santco-org.com\/projet\/royan\/\" title=\"Royan\" tabindex=\"0\">Royan<\/a>\t\t\t<\/h3>\n\t\t\t<a href=\"https:\/\/santco-org.com\/projet\/royan\/\" target=\"_self\" rel=\"noopener\">En savoir plus \/ Read more \u2192<\/a>\t\t\n\t\t\t\t\t\t\t\t\t\t\t\t\t\t<a href=\"https:\/\/santco-org.com\/projet\/maa\/\" target=\"_self\" title=\"MAA\" rel=\"noopener\">\n\t\t\t\t<img decoding=\"async\" src=\"https:\/\/santco-org.com\/wp-content\/uploads\/2024\/06\/Picture13.webp\" alt=\"\">\n\t\t\t\t<\/a>\n\t\t\t\t\t\t<h3>\n\t\t\t\t<a href=\"https:\/\/santco-org.com\/projet\/maa\/\" title=\"MAA\" tabindex=\"0\">MAA<\/a>\t\t\t<\/h3>\n\t\t\t<a href=\"https:\/\/santco-org.com\/projet\/maa\/\" target=\"_self\" rel=\"noopener\">En savoir plus \/ Read more \u2192<\/a>\t\t\n\t\t\t\t\t\t\t\t\t\t\t\t\t\t<a href=\"https:\/\/santco-org.com\/projet\/mda-mascouche\/\" target=\"_self\" title=\"MDA Mascouche\" rel=\"noopener\">\n\t\t\t\t<img decoding=\"async\" src=\"https:\/\/santco-org.com\/wp-content\/uploads\/2024\/06\/mda-mascouche.jpg\" alt=\"\">\n\t\t\t\t<\/a>\n\t\t\t\t\t\t<h3>\n\t\t\t\t<a href=\"https:\/\/santco-org.com\/projet\/mda-mascouche\/\" title=\"MDA Mascouche\" tabindex=\"0\">MDA Mascouche<\/a>\t\t\t<\/h3>\n\t\t\t<a href=\"https:\/\/santco-org.com\/projet\/mda-mascouche\/\" target=\"_self\" rel=\"noopener\">En savoir plus \/ Read more \u2192<\/a>\t\t\n\t\t\t\t\t\t\t\t\t\t\t\t\t\t<a href=\"https:\/\/santco-org.com\/projet\/mda-laval-des-rapides\/\" target=\"_self\" title=\"MDA Laval-des-rapides\" rel=\"noopener\">\n\t\t\t\t<img decoding=\"async\" src=\"https:\/\/santco-org.com\/wp-content\/uploads\/2024\/06\/Picture11.webp\" alt=\"\">\n\t\t\t\t<\/a>\n\t\t\t\t\t\t<h3>\n\t\t\t\t<a href=\"https:\/\/santco-org.com\/projet\/mda-laval-des-rapides\/\" title=\"MDA Laval-des-rapides\" tabindex=\"0\">MDA Laval-des-rapides<\/a>\t\t\t<\/h3>\n\t\t\t<a href=\"https:\/\/santco-org.com\/projet\/mda-laval-des-rapides\/\" target=\"_self\" rel=\"noopener\">En savoir plus \/ Read more \u2192<\/a>\t\t\n\t\t\t\t\t\t\t\t\t\t\t\t\t\t<a href=\"https:\/\/santco-org.com\/projet\/college-sainte-anne\/\" target=\"_self\" title=\"Coll\u00e8ge Sainte-Anne\" rel=\"noopener\">\n\t\t\t\t<img decoding=\"async\" src=\"https:\/\/santco-org.com\/wp-content\/uploads\/2024\/06\/Picture10.webp\" alt=\"\">\n\t\t\t\t<\/a>\n\t\t\t\t\t\t<h3>\n\t\t\t\t<a href=\"https:\/\/santco-org.com\/projet\/college-sainte-anne\/\" title=\"Coll\u00e8ge Sainte-Anne\" tabindex=\"0\">Coll\u00e8ge Sainte-Anne<\/a>\t\t\t<\/h3>\n\t\t\t<a href=\"https:\/\/santco-org.com\/projet\/college-sainte-anne\/\" target=\"_self\" rel=\"noopener\">En savoir plus \/ Read more \u2192<\/a>\t\t\n\t\t\t\t\t\t\t\t\t\t\t\t\t\t<a href=\"https:\/\/santco-org.com\/projet\/les-tours-serenity\/\" target=\"_self\" title=\"Serenity Towers\" rel=\"noopener\">\n\t\t\t\t<img decoding=\"async\" src=\"https:\/\/santco-org.com\/wp-content\/uploads\/2024\/06\/Picture9.webp\" alt=\"\">\n\t\t\t\t<\/a>\n\t\t\t\t\t\t<h3>\n\t\t\t\t<a href=\"https:\/\/santco-org.com\/projet\/les-tours-serenity\/\" title=\"Serenity Towers\" tabindex=\"0\">Serenity Towers<\/a>\t\t\t<\/h3>\n\t\t\t<a href=\"https:\/\/santco-org.com\/projet\/les-tours-serenity\/\" target=\"_self\" rel=\"noopener\">En savoir plus \/ Read more \u2192<\/a>\t\t\n\t\t\t\t\t\t\t\t\t\t\t\t\t\t<a href=\"https:\/\/santco-org.com\/projet\/stm-bellechasse\/\" target=\"_self\" title=\"STM Bellechasse\" rel=\"noopener\">\n\t\t\t\t<img decoding=\"async\" src=\"https:\/\/santco-org.com\/wp-content\/uploads\/2024\/06\/Picture22.webp\" alt=\"\">\n\t\t\t\t<\/a>\n\t\t\t\t\t\t<h3>\n\t\t\t\t<a href=\"https:\/\/santco-org.com\/projet\/stm-bellechasse\/\" title=\"STM Bellechasse\" tabindex=\"0\">STM Bellechasse<\/a>\t\t\t<\/h3>\n\t\t\t<a href=\"https:\/\/santco-org.com\/projet\/stm-bellechasse\/\" target=\"_self\" rel=\"noopener\">En savoir plus \/ Read more \u2192<\/a>\t\t\n\t\t\t\t\t\t\t\t\t\t\t\t\t\t<a href=\"https:\/\/santco-org.com\/projet\/voltige-belvedere\/\" target=\"_self\" title=\"  Belvedere aerobatics\" rel=\"noopener\">\n\t\t\t\t<img decoding=\"async\" src=\"https:\/\/santco-org.com\/wp-content\/uploads\/2024\/06\/Picture8.webp\" alt=\"\">\n\t\t\t\t<\/a>\n\t\t\t\t\t\t<h3>\n\t\t\t\t<a href=\"https:\/\/santco-org.com\/projet\/voltige-belvedere\/\" title=\"  Belvedere aerobatics\" tabindex=\"0\">  Belvedere aerobatics<\/a>\t\t\t<\/h3>\n\t\t\t<a href=\"https:\/\/santco-org.com\/projet\/voltige-belvedere\/\" target=\"_self\" rel=\"noopener\">En savoir plus \/ Read more \u2192<\/a>\t\t\n\t\t\t\t\t\t\t\t\t\t\t\t\t\t<a href=\"https:\/\/santco-org.com\/projet\/gatsby\/\" target=\"_self\" title=\"Gatsby\" rel=\"noopener\">\n\t\t\t\t<img decoding=\"async\" src=\"https:\/\/santco-org.com\/wp-content\/uploads\/2024\/06\/gatsby.jpeg\" alt=\"\">\n\t\t\t\t<\/a>\n\t\t\t\t\t\t<h3>\n\t\t\t\t<a href=\"https:\/\/santco-org.com\/projet\/gatsby\/\" title=\"Gatsby\" tabindex=\"0\">Gatsby<\/a>\t\t\t<\/h3>\n\t\t\t<a href=\"https:\/\/santco-org.com\/projet\/gatsby\/\" target=\"_self\" rel=\"noopener\">En savoir plus \/ Read more \u2192<\/a>\t\t\n\t\t\t\t\t\t\t\t\t\t\t\t\t\t<a href=\"https:\/\/santco-org.com\/projet\/gouin\/\" target=\"_self\" title=\"Gouin\" rel=\"noopener\">\n\t\t\t\t<img decoding=\"async\" src=\"https:\/\/santco-org.com\/wp-content\/uploads\/2024\/06\/Picture6.webp\" alt=\"\">\n\t\t\t\t<\/a>\n\t\t\t\t\t\t<h3>\n\t\t\t\t<a href=\"https:\/\/santco-org.com\/projet\/gouin\/\" title=\"Gouin\" tabindex=\"0\">Gouin<\/a>\t\t\t<\/h3>\n\t\t\t<a href=\"https:\/\/santco-org.com\/projet\/gouin\/\" target=\"_self\" rel=\"noopener\">En savoir plus \/ Read more \u2192<\/a>\t\t\n\t\t\t\t\t\t\t\t\t\t\t\t\t\t<a href=\"https:\/\/santco-org.com\/projet\/tour-de-la-banque-nationale\/\" target=\"_self\" title=\"National Bank Tower\" rel=\"noopener\">\n\t\t\t\t<img decoding=\"async\" src=\"https:\/\/santco-org.com\/wp-content\/uploads\/2024\/06\/tour-bn.jpeg\" alt=\"\">\n\t\t\t\t<\/a>\n\t\t\t\t\t\t<h3>\n\t\t\t\t<a href=\"https:\/\/santco-org.com\/projet\/tour-de-la-banque-nationale\/\" title=\"National Bank Tower\" tabindex=\"0\">National Bank Tower<\/a>\t\t\t<\/h3>\n\t\t\t<a href=\"https:\/\/santco-org.com\/projet\/tour-de-la-banque-nationale\/\" target=\"_self\" rel=\"noopener\">En savoir plus \/ Read more \u2192<\/a>\t\t\n\t\t\t\t\t\t\t\t\t\t\t\t\t\t<a href=\"https:\/\/santco-org.com\/projet\/condos-enticy\/\" target=\"_self\" title=\"Condos Enticy\" rel=\"noopener\">\n\t\t\t\t<img decoding=\"async\" src=\"https:\/\/santco-org.com\/wp-content\/uploads\/2024\/06\/Picture4.webp\" alt=\"\">\n\t\t\t\t<\/a>\n\t\t\t\t\t\t<h3>\n\t\t\t\t<a href=\"https:\/\/santco-org.com\/projet\/condos-enticy\/\" title=\"Condos Enticy\" tabindex=\"0\">Condos Enticy<\/a>\t\t\t<\/h3>\n\t\t\t<a href=\"https:\/\/santco-org.com\/projet\/condos-enticy\/\" target=\"_self\" rel=\"noopener\">En savoir plus \/ Read more \u2192<\/a>\t\t\n\t\t\t\t\t\t\t\t\t\t\t\t\t\t<a href=\"https:\/\/santco-org.com\/projet\/quinzecent\/\" target=\"_self\" title=\"Quinzecent\" rel=\"noopener\">\n\t\t\t\t<img decoding=\"async\" src=\"https:\/\/santco-org.com\/wp-content\/uploads\/2024\/06\/Quinzecent.jpg\" alt=\"\">\n\t\t\t\t<\/a>\n\t\t\t\t\t\t<h3>\n\t\t\t\t<a href=\"https:\/\/santco-org.com\/projet\/quinzecent\/\" title=\"Quinzecent\" tabindex=\"0\">Quinzecent<\/a>\t\t\t<\/h3>\n\t\t\t<a href=\"https:\/\/santco-org.com\/projet\/quinzecent\/\" target=\"_self\" rel=\"noopener\">En savoir plus \/ Read more \u2192<\/a>\t\t\n\t\t\t\t\t\t\t\t\t\t\t\t\t\t<a href=\"https:\/\/santco-org.com\/projet\/appartement-dorchester\/\" target=\"_self\" title=\"Dorchester Apartment\" rel=\"noopener\">\n\t\t\t\t<img decoding=\"async\" src=\"https:\/\/santco-org.com\/wp-content\/uploads\/2024\/06\/appartement-dorchester.jpeg\" alt=\"\">\n\t\t\t\t<\/a>\n\t\t\t\t\t\t<h3>\n\t\t\t\t<a href=\"https:\/\/santco-org.com\/projet\/appartement-dorchester\/\" title=\"Dorchester Apartment\" tabindex=\"0\">Dorchester Apartment<\/a>\t\t\t<\/h3>\n\t\t\t<a href=\"https:\/\/santco-org.com\/projet\/appartement-dorchester\/\" target=\"_self\" rel=\"noopener\">En savoir plus \/ Read more \u2192<\/a>\t\t\n\t\t\t\t\t\t\t\t\t\t\t\t\t\t<a href=\"https:\/\/santco-org.com\/projet\/bass\/\" target=\"_self\" title=\"Bass\" rel=\"noopener\">\n\t\t\t\t<img decoding=\"async\" src=\"https:\/\/santco-org.com\/wp-content\/uploads\/2024\/06\/Picture1.webp\" alt=\"\">\n\t\t\t\t<\/a>\n\t\t\t\t\t\t<h3>\n\t\t\t\t<a href=\"https:\/\/santco-org.com\/projet\/bass\/\" title=\"Bass\" tabindex=\"0\">Bass<\/a>\t\t\t<\/h3>\n\t\t\t<a href=\"https:\/\/santco-org.com\/projet\/bass\/\" target=\"_self\" rel=\"noopener\">En savoir plus \/ Read more \u2192<\/a>\t\t\n\t\t\t\t<img loading=\"lazy\" decoding=\"async\" src=\"https:\/\/santco-org.com\/wp-content\/uploads\/2024\/06\/SANTCO-LOGO_white-1.png\" alt=\"SANTCO LOGO_white (1)\" itemprop=\"image\" height=\"2439\" width=\"7501\" title=\"SANTCO LOGO_white (1)\" onerror=\"this.style.display='none'\">\n\t<p>Coffrage Santco is one of Quebec&#8217;s leading formwork contractors for concrete structures and superstructures. Its activities are mainly based in the Greater Montreal area.<\/p>\n\t<h5>  Telephone and fax  <\/h5>\n\t\t\t<p><strong>Tel:<\/strong> <strong><a href=\"tel:5143259549\">514 325-9549<\/a><\/strong><br><strong>Fax:<\/strong> 514 325-9877<\/p>\t\n\t<h5>  E-mail  <\/h5>\n\t\t\t<p><strong><a href=\"mailto:info@santco.org\">info@santco.org<\/a><\/strong><\/p>\t\n\t<h5>  Address  <\/h5>\n\t\t\t<p><strong><a href=\"https:\/\/maps.app.goo.gl\/wwTFjbFD2SUJf3rk8\" target=\"_blank\" rel=\"noopener\">8453 Boul Langelier,<br> Montr\u00e9al, QC H1P 2C3<\/a><\/strong><\/p>\n\t<h5>  Follow us  <\/h5>\n\n","protected":false},"excerpt":{"rendered":"<p>Projects Commercial Industrial and Institutional Civil engineering Vaudreuil-Soulanges Hospital En savoir plus \/ Read more \u2192 Condos Vertica (Assomption) En savoir plus \/ Read more \u2192 \u00c9quinoxe 3 Saint-\u00c9lz\u00e9ar En savoir plus \/ Read more \u2192 Victor Hugo En savoir plus \/ Read more \u2192 Daniel Johnson 2 En savoir plus \/ Read more \u2192 [&hellip;]<\/p>\n","protected":false},"author":3,"featured_media":0,"parent":0,"menu_order":0,"comment_status":"closed","ping_status":"closed","template":"","meta":{"_acf_changed":false,"site-sidebar-layout":"no-sidebar","site-content-layout":"page-builder","ast-site-content-layout":"full-width-container","site-content-style":"unboxed","site-sidebar-style":"unboxed","ast-global-header-display":"","ast-banner-title-visibility":"","ast-main-header-display":"","ast-hfb-above-header-display":"","ast-hfb-below-header-display":"","ast-hfb-mobile-header-display":"","site-post-title":"disabled","ast-breadcrumbs-content":"","ast-featured-img":"disabled","footer-sml-layout":"","ast-disable-related-posts":"","theme-transparent-header-meta":"","adv-header-id-meta":"","stick-header-meta":"","header-above-stick-meta":"","header-main-stick-meta":"","header-below-stick-meta":"","astra-migrate-meta-layouts":"set","ast-page-background-enabled":"default","ast-page-background-meta":{"desktop":{"background-color":"","background-image":"","background-repeat":"repeat","background-position":"center center","background-size":"auto","background-attachment":"scroll","background-type":"","background-media":"","overlay-type":"","overlay-color":"","overlay-opacity":"","overlay-gradient":""},"tablet":{"background-color":"","background-image":"","background-repeat":"repeat","background-position":"center center","background-size":"auto","background-attachment":"scroll","background-type":"","background-media":"","overlay-type":"","overlay-color":"","overlay-opacity":"","overlay-gradient":""},"mobile":{"background-color":"","background-image":"","background-repeat":"repeat","background-position":"center center","background-size":"auto","background-attachment":"scroll","background-type":"","background-media":"","overlay-type":"","overlay-color":"","overlay-opacity":"","overlay-gradient":""}},"ast-content-background-meta":{"desktop":{"background-color":"var(--ast-global-color-5)","background-image":"","background-repeat":"repeat","background-position":"center center","background-size":"auto","background-attachment":"scroll","background-type":"","background-media":"","overlay-type":"","overlay-color":"","overlay-opacity":"","overlay-gradient":""},"tablet":{"background-color":"var(--ast-global-color-5)","background-image":"","background-repeat":"repeat","background-position":"center center","background-size":"auto","background-attachment":"scroll","background-type":"","background-media":"","overlay-type":"","overlay-color":"","overlay-opacity":"","overlay-gradient":""},"mobile":{"background-color":"var(--ast-global-color-5)","background-image":"","background-repeat":"repeat","background-position":"center center","background-size":"auto","background-attachment":"scroll","background-type":"","background-media":"","overlay-type":"","overlay-color":"","overlay-opacity":"","overlay-gradient":""}},"footnotes":""},"class_list":["post-2342","page","type-page","status-publish","hentry"],"acf":[],"_links":{"self":[{"href":"https:\/\/santco-org.com\/en\/wp-json\/wp\/v2\/pages\/2342","targetHints":{"allow":["GET"]}}],"collection":[{"href":"https:\/\/santco-org.com\/en\/wp-json\/wp\/v2\/pages"}],"about":[{"href":"https:\/\/santco-org.com\/en\/wp-json\/wp\/v2\/types\/page"}],"author":[{"embeddable":true,"href":"https:\/\/santco-org.com\/en\/wp-json\/wp\/v2\/users\/3"}],"replies":[{"embeddable":true,"href":"https:\/\/santco-org.com\/en\/wp-json\/wp\/v2\/comments?post=2342"}],"version-history":[{"count":13,"href":"https:\/\/santco-org.com\/en\/wp-json\/wp\/v2\/pages\/2342\/revisions"}],"predecessor-version":[{"id":2521,"href":"https:\/\/santco-org.com\/en\/wp-json\/wp\/v2\/pages\/2342\/revisions\/2521"}],"wp:attachment":[{"href":"https:\/\/santco-org.com\/en\/wp-json\/wp\/v2\/media?parent=2342"}],"curies":[{"name":"wp","href":"https:\/\/api.w.org\/{rel}","templated":true}]}}